{"id":232,"date":"2016-03-05T16:52:02","date_gmt":"2016-03-05T16:52:02","guid":{"rendered":"http:\/\/profesionales-malaga.com\/electricista\/?page_id=232"},"modified":"2021-02-03T12:25:42","modified_gmt":"2021-02-03T12:25:42","slug":"colaboradores","status":"publish","type":"page","link":"https:\/\/profesionales-malaga.com\/electricista\/colaboradores\/","title":{"rendered":"Colaboradores"},"content":{"rendered":"<p><a href=\"https:\/\/boletinelectricoandalucia.wordpress.com\/boletin-electrico-sevilla\">Bolet\u00edn Electrico Sevilla<\/a><\/p>\n<p><a href=\"https:\/\/boletinelectricoandalucia.wordpress.com\/boletin-electrico-cadiz\">Bolet\u00edn Electrico C\u00e1diz<\/a><\/p>\n<p><a href=\"http:\/\/profesionales-malaga.com\/reformas\">Empresa de reformas<\/a><\/p>\n<p><a href=\"http:\/\/www.malagacertificadosenergeticos.es\">Certificados Energ\u00e9ticos<\/a><\/p>\n<p><a href=\"http:\/\/www.pintor-malaga.com\">Pintor en M\u00e1laga<\/a><\/p>\n","protected":false},"excerpt":{"rendered":"<p>Bolet\u00edn Electrico Sevilla Bolet\u00edn Electrico C\u00e1diz Empresa de reformas Certificados Energ\u00e9ticos Pintor en M\u00e1laga<\/p>\n","protected":false},"author":1,"featured_media":0,"parent":0,"menu_order":0,"comment_status":"closed","ping_status":"closed","template":"","meta":[],"yoast_head":"<!-- This site is optimized with the Yoast SEO plugin v21.1 - https:\/\/yoast.com\/wordpress\/plugins\/seo\/ -->\n<title>Colaboradores - Electricista M\u00e1laga<\/title>\n<meta name=\"robots\" content=\"index, follow, max-snippet:-1, max-image-preview:large, max-video-preview:-1\" \/>\n<link rel=\"canonical\" href=\"https:\/\/profesionales-malaga.com\/electricista\/colaboradores\/\" \/>\n<meta property=\"og:locale\" content=\"es_ES\" \/>\n<meta property=\"og:type\" content=\"article\" \/>\n<meta property=\"og:title\" content=\"Colaboradores - Electricista M\u00e1laga\" \/>\n<meta property=\"og:description\" content=\"Bolet\u00edn Electrico Sevilla Bolet\u00edn Electrico C\u00e1diz Empresa de reformas Certificados Energ\u00e9ticos Pintor en M\u00e1laga\" \/>\n<meta property=\"og:url\" content=\"https:\/\/profesionales-malaga.com\/electricista\/colaboradores\/\" \/>\n<meta property=\"og:site_name\" content=\"Electricista M\u00e1laga\" \/>\n<meta property=\"article:modified_time\" content=\"2021-02-03T12:25:42+00:00\" \/>\n<meta name=\"twitter:card\" content=\"summary_large_image\" \/>\n<script type=\"application\/ld+json\" class=\"yoast-schema-graph\">{\"@context\":\"https:\/\/schema.org\",\"@graph\":[{\"@type\":\"WebPage\",\"@id\":\"https:\/\/profesionales-malaga.com\/electricista\/colaboradores\/\",\"url\":\"https:\/\/profesionales-malaga.com\/electricista\/colaboradores\/\",\"name\":\"Colaboradores - Electricista M\u00e1laga\",\"isPartOf\":{\"@id\":\"https:\/\/profesionales-malaga.com\/electricista\/#website\"},\"datePublished\":\"2016-03-05T16:52:02+00:00\",\"dateModified\":\"2021-02-03T12:25:42+00:00\",\"breadcrumb\":{\"@id\":\"https:\/\/profesionales-malaga.com\/electricista\/colaboradores\/#breadcrumb\"},\"inLanguage\":\"es\",\"potentialAction\":[{\"@type\":\"ReadAction\",\"target\":[\"https:\/\/profesionales-malaga.com\/electricista\/colaboradores\/\"]}]},{\"@type\":\"BreadcrumbList\",\"@id\":\"https:\/\/profesionales-malaga.com\/electricista\/colaboradores\/#breadcrumb\",\"itemListElement\":[{\"@type\":\"ListItem\",\"position\":1,\"name\":\"Portada\",\"item\":\"https:\/\/profesionales-malaga.com\/electricista\/\"},{\"@type\":\"ListItem\",\"position\":2,\"name\":\"Colaboradores\"}]},{\"@type\":\"WebSite\",\"@id\":\"https:\/\/profesionales-malaga.com\/electricista\/#website\",\"url\":\"https:\/\/profesionales-malaga.com\/electricista\/\",\"name\":\"Electricista M\u00e1laga\",\"description\":\"TXC INSTALACIONES S.L.\",\"potentialAction\":[{\"@type\":\"SearchAction\",\"target\":{\"@type\":\"EntryPoint\",\"urlTemplate\":\"https:\/\/profesionales-malaga.com\/electricista\/?s={search_term_string}\"},\"query-input\":\"required name=search_term_string\"}],\"inLanguage\":\"es\"}]}<\/script>\n<!-- \/ Yoast SEO plugin. -->","yoast_head_json":{"title":"Colaboradores - Electricista M\u00e1laga","robots":{"index":"index","follow":"follow","max-snippet":"max-snippet:-1","max-image-preview":"max-image-preview:large","max-video-preview":"max-video-preview:-1"},"canonical":"https:\/\/profesionales-malaga.com\/electricista\/colaboradores\/","og_locale":"es_ES","og_type":"article","og_title":"Colaboradores - Electricista M\u00e1laga","og_description":"Bolet\u00edn Electrico Sevilla Bolet\u00edn Electrico C\u00e1diz Empresa de reformas Certificados Energ\u00e9ticos Pintor en M\u00e1laga","og_url":"https:\/\/profesionales-malaga.com\/electricista\/colaboradores\/","og_site_name":"Electricista M\u00e1laga","article_modified_time":"2021-02-03T12:25:42+00:00","twitter_card":"summary_large_image","schema":{"@context":"https:\/\/schema.org","@graph":[{"@type":"WebPage","@id":"https:\/\/profesionales-malaga.com\/electricista\/colaboradores\/","url":"https:\/\/profesionales-malaga.com\/electricista\/colaboradores\/","name":"Colaboradores - Electricista M\u00e1laga","isPartOf":{"@id":"https:\/\/profesionales-malaga.com\/electricista\/#website"},"datePublished":"2016-03-05T16:52:02+00:00","dateModified":"2021-02-03T12:25:42+00:00","breadcrumb":{"@id":"https:\/\/profesionales-malaga.com\/electricista\/colaboradores\/#breadcrumb"},"inLanguage":"es","potentialAction":[{"@type":"ReadAction","target":["https:\/\/profesionales-malaga.com\/electricista\/colaboradores\/"]}]},{"@type":"BreadcrumbList","@id":"https:\/\/profesionales-malaga.com\/electricista\/colaboradores\/#breadcrumb","itemListElement":[{"@type":"ListItem","position":1,"name":"Portada","item":"https:\/\/profesionales-malaga.com\/electricista\/"},{"@type":"ListItem","position":2,"name":"Colaboradores"}]},{"@type":"WebSite","@id":"https:\/\/profesionales-malaga.com\/electricista\/#website","url":"https:\/\/profesionales-malaga.com\/electricista\/","name":"Electricista M\u00e1laga","description":"TXC INSTALACIONES S.L.","potentialAction":[{"@type":"SearchAction","target":{"@type":"EntryPoint","urlTemplate":"https:\/\/profesionales-malaga.com\/electricista\/?s={search_term_string}"},"query-input":"required name=search_term_string"}],"inLanguage":"es"}]}},"_links":{"self":[{"href":"https:\/\/profesionales-malaga.com\/electricista\/wp-json\/wp\/v2\/pages\/232"}],"collection":[{"href":"https:\/\/profesionales-malaga.com\/electricista\/wp-json\/wp\/v2\/pages"}],"about":[{"href":"https:\/\/profesionales-malaga.com\/electricista\/wp-json\/wp\/v2\/types\/page"}],"author":[{"embeddable":true,"href":"https:\/\/profesionales-malaga.com\/electricista\/wp-json\/wp\/v2\/users\/1"}],"replies":[{"embeddable":true,"href":"https:\/\/profesionales-malaga.com\/electricista\/wp-json\/wp\/v2\/comments?post=232"}],"version-history":[{"count":2,"href":"https:\/\/profesionales-malaga.com\/electricista\/wp-json\/wp\/v2\/pages\/232\/revisions"}],"predecessor-version":[{"id":404,"href":"https:\/\/profesionales-malaga.com\/electricista\/wp-json\/wp\/v2\/pages\/232\/revisions\/404"}],"wp:attachment":[{"href":"https:\/\/profesionales-malaga.com\/electricista\/wp-json\/wp\/v2\/media?parent=232"}],"curies":[{"name":"wp","href":"https:\/\/api.w.org\/{rel}","templated":true}]}}