{"id":439,"date":"2022-04-13T14:02:56","date_gmt":"2022-04-13T14:02:56","guid":{"rendered":"https:\/\/profesionales-malaga.com\/electricista\/?page_id=439"},"modified":"2022-04-13T14:05:37","modified_gmt":"2022-04-13T14:05:37","slug":"trabajos-realizados","status":"publish","type":"page","link":"https:\/\/profesionales-malaga.com\/electricista\/trabajos-realizados\/","title":{"rendered":"Trabajos realizados"},"content":{"rendered":"\n<p>En esta secci\u00f3n mostramos todo los trabajos realizados<\/p>\n\n\n\n<div class=\"tx-blog tx-post-row tx-masonry\"><div class=\"tx-blog-item tx-post-col-4\"><div class=\"tx-border-box\"><div class=\"tx-blog-img\"><a href=\"https:\/\/profesionales-malaga.com\/electricista\/wp-content\/uploads\/2021\/10\/mueble-compacto.jpg\" class=\"tx-colorbox\"><img src=\"https:\/\/profesionales-malaga.com\/electricista\/wp-content\/uploads\/2021\/10\/mueble-compacto-600x360.jpg\" alt=\"\" class=\"blog-image\" \/><\/a><span class=\"tx-post-comm\"><span>0<\/span><\/span><\/div><div class=\"tx-post-content\"><h3 class=\"tx-post-title\"><a href=\"https:\/\/profesionales-malaga.com\/electricista\/2021\/10\/21\/trabajos-realizados-instalacion-mueble-compacto-vitro-y-horno\/\">Trabajos realizados: Instalaci\u00f3n mueble compacto vitro y horno<\/a><\/h3><div style=\"height: 16px;\"><\/div><div class=\"tx-blog-content\">Im\u00e1genes de los trabajos antes y despu\u00e9s de la instalaci\u00f3n de un mueble de cocina compacto que incluye vitrocer\u00e1mica y horno.<\/div><div class=\"tx-meta\"><span class=\"tx-author\">By : <a href=\"https:\/\/profesionales-malaga.com\/electricista\/author\/electricista\/\">electricista<\/a><\/span><span class=\"tx-date\"> | Oct 21, 2021<\/span><\/div><\/div><\/div><\/div><div class=\"tx-blog-item tx-post-col-4\"><div class=\"tx-border-box\"><div class=\"tx-blog-img\"><a href=\"https:\/\/profesionales-malaga.com\/electricista\/wp-content\/uploads\/2020\/10\/trabajos-electricista-nueva-instalacion-8-1024x768.jpeg\" class=\"tx-colorbox\"><img src=\"https:\/\/profesionales-malaga.com\/electricista\/wp-content\/uploads\/2020\/10\/trabajos-electricista-nueva-instalacion-8-600x360.jpeg\" alt=\"\" class=\"blog-image\" \/><\/a><span class=\"tx-post-comm\"><span>0<\/span><\/span><\/div><div class=\"tx-post-content\"><h3 class=\"tx-post-title\"><a href=\"https:\/\/profesionales-malaga.com\/electricista\/2020\/10\/07\/trabajos-realizados-nueva-instalacion-en-vivienda\/\">Trabajos realizados: Nueva instalaci\u00f3n en vivienda<\/a><\/h3><div style=\"height: 16px;\"><\/div><div class=\"tx-blog-content\">Im\u00e1genes de los trabajos realizados en una vivienda que se est\u00e1 reformando completamente.<\/div><div class=\"tx-meta\"><span class=\"tx-author\">By : <a href=\"https:\/\/profesionales-malaga.com\/electricista\/author\/electricista\/\">electricista<\/a><\/span><span class=\"tx-date\"> | Oct 7, 2020<\/span><\/div><\/div><\/div><\/div><div class=\"tx-blog-item tx-post-col-4\"><div class=\"tx-border-box\"><div class=\"tx-blog-img\"><a href=\"https:\/\/profesionales-malaga.com\/electricista\/wp-content\/uploads\/2019\/03\/IMG_20190206_160057_3800x2850-1024x768.jpg\" class=\"tx-colorbox\"><img src=\"https:\/\/profesionales-malaga.com\/electricista\/wp-content\/uploads\/2019\/03\/IMG_20190206_160057_3800x2850-600x360.jpg\" alt=\"\" class=\"blog-image\" \/><\/a><span class=\"tx-post-comm\"><span>0<\/span><\/span><\/div><div class=\"tx-post-content\"><h3 class=\"tx-post-title\"><a href=\"https:\/\/profesionales-malaga.com\/electricista\/2019\/03\/06\/trabajos-realizados-cuadro-de-contadores\/\">Trabajos realizados: Cuadro de contadores<\/a><\/h3><div style=\"height: 16px;\"><\/div><div class=\"tx-blog-content\">En las siguientes im\u00e1genes se muestra el proceso de instalaci\u00f3n de un cuadro el\u00e9ctrico para instalar contadores en un edificio de nueva construcci\u00f3n en la zona de Fuente Olletas.<\/div><div class=\"tx-meta\"><span class=\"tx-author\">By : <a href=\"https:\/\/profesionales-malaga.com\/electricista\/author\/electricista\/\">electricista<\/a><\/span><span class=\"tx-date\"> | Mar 6, 2019<\/span><\/div><\/div><\/div><\/div><div class=\"tx-blog-item tx-post-col-4\"><div class=\"tx-border-box\"><div class=\"tx-blog-img\"><a href=\"https:\/\/profesionales-malaga.com\/electricista\/wp-content\/uploads\/2018\/12\/instalacion-cuadro-electrico-4-768x1024.jpeg\" class=\"tx-colorbox\"><img src=\"https:\/\/profesionales-malaga.com\/electricista\/wp-content\/uploads\/2018\/12\/instalacion-cuadro-electrico-4-600x360.jpeg\" alt=\"\" class=\"blog-image\" \/><\/a><span class=\"tx-post-comm\"><span>0<\/span><\/span><\/div><div class=\"tx-post-content\"><h3 class=\"tx-post-title\"><a href=\"https:\/\/profesionales-malaga.com\/electricista\/2018\/12\/12\/trabajos-realizados-instalacion-cuadro-electrico\/\">Trabajos Realizados: Instalaci\u00f3n de cuadro el\u00e9ctrico<\/a><\/h3><div style=\"height: 16px;\"><\/div><div class=\"tx-blog-content\">Le presentamos las im\u00e1genes del \u00faltimo cuadro el\u00e9ctrico instalado en la reforma de local comercial de M\u00e1laga<\/div><div class=\"tx-meta\"><span class=\"tx-author\">By : <a href=\"https:\/\/profesionales-malaga.com\/electricista\/author\/electricista\/\">electricista<\/a><\/span><span class=\"tx-date\"> | Dic 12, 2018<\/span><\/div><\/div><\/div><\/div><\/div>\n","protected":false},"excerpt":{"rendered":"<p>En esta secci\u00f3n mostramos todo los trabajos realizados<\/p>\n","protected":false},"author":1,"featured_media":0,"parent":0,"menu_order":0,"comment_status":"closed","ping_status":"closed","template":"","meta":[],"yoast_head":"<!-- This site is optimized with the Yoast SEO plugin v21.1 - https:\/\/yoast.com\/wordpress\/plugins\/seo\/ -->\n<title>Trabajos realizados - Electricista M\u00e1laga<\/title>\n<meta name=\"robots\" content=\"index, follow, max-snippet:-1, max-image-preview:large, max-video-preview:-1\" \/>\n<link rel=\"canonical\" href=\"https:\/\/profesionales-malaga.com\/electricista\/trabajos-realizados\/\" \/>\n<meta property=\"og:locale\" content=\"es_ES\" \/>\n<meta property=\"og:type\" content=\"article\" \/>\n<meta property=\"og:title\" content=\"Trabajos realizados - Electricista M\u00e1laga\" \/>\n<meta property=\"og:description\" content=\"En esta secci\u00f3n mostramos todo los trabajos realizados\" \/>\n<meta property=\"og:url\" content=\"https:\/\/profesionales-malaga.com\/electricista\/trabajos-realizados\/\" \/>\n<meta property=\"og:site_name\" content=\"Electricista M\u00e1laga\" \/>\n<meta property=\"article:modified_time\" content=\"2022-04-13T14:05:37+00:00\" \/>\n<meta name=\"twitter:card\" content=\"summary_large_image\" \/>\n<script type=\"application\/ld+json\" class=\"yoast-schema-graph\">{\"@context\":\"https:\/\/schema.org\",\"@graph\":[{\"@type\":\"WebPage\",\"@id\":\"https:\/\/profesionales-malaga.com\/electricista\/trabajos-realizados\/\",\"url\":\"https:\/\/profesionales-malaga.com\/electricista\/trabajos-realizados\/\",\"name\":\"Trabajos realizados - Electricista M\u00e1laga\",\"isPartOf\":{\"@id\":\"https:\/\/profesionales-malaga.com\/electricista\/#website\"},\"datePublished\":\"2022-04-13T14:02:56+00:00\",\"dateModified\":\"2022-04-13T14:05:37+00:00\",\"breadcrumb\":{\"@id\":\"https:\/\/profesionales-malaga.com\/electricista\/trabajos-realizados\/#breadcrumb\"},\"inLanguage\":\"es\",\"potentialAction\":[{\"@type\":\"ReadAction\",\"target\":[\"https:\/\/profesionales-malaga.com\/electricista\/trabajos-realizados\/\"]}]},{\"@type\":\"BreadcrumbList\",\"@id\":\"https:\/\/profesionales-malaga.com\/electricista\/trabajos-realizados\/#breadcrumb\",\"itemListElement\":[{\"@type\":\"ListItem\",\"position\":1,\"name\":\"Portada\",\"item\":\"https:\/\/profesionales-malaga.com\/electricista\/\"},{\"@type\":\"ListItem\",\"position\":2,\"name\":\"Trabajos realizados\"}]},{\"@type\":\"WebSite\",\"@id\":\"https:\/\/profesionales-malaga.com\/electricista\/#website\",\"url\":\"https:\/\/profesionales-malaga.com\/electricista\/\",\"name\":\"Electricista M\u00e1laga\",\"description\":\"TXC INSTALACIONES S.L.\",\"potentialAction\":[{\"@type\":\"SearchAction\",\"target\":{\"@type\":\"EntryPoint\",\"urlTemplate\":\"https:\/\/profesionales-malaga.com\/electricista\/?s={search_term_string}\"},\"query-input\":\"required name=search_term_string\"}],\"inLanguage\":\"es\"}]}<\/script>\n<!-- \/ Yoast SEO plugin. -->","yoast_head_json":{"title":"Trabajos realizados - Electricista M\u00e1laga","robots":{"index":"index","follow":"follow","max-snippet":"max-snippet:-1","max-image-preview":"max-image-preview:large","max-video-preview":"max-video-preview:-1"},"canonical":"https:\/\/profesionales-malaga.com\/electricista\/trabajos-realizados\/","og_locale":"es_ES","og_type":"article","og_title":"Trabajos realizados - Electricista M\u00e1laga","og_description":"En esta secci\u00f3n mostramos todo los trabajos realizados","og_url":"https:\/\/profesionales-malaga.com\/electricista\/trabajos-realizados\/","og_site_name":"Electricista M\u00e1laga","article_modified_time":"2022-04-13T14:05:37+00:00","twitter_card":"summary_large_image","schema":{"@context":"https:\/\/schema.org","@graph":[{"@type":"WebPage","@id":"https:\/\/profesionales-malaga.com\/electricista\/trabajos-realizados\/","url":"https:\/\/profesionales-malaga.com\/electricista\/trabajos-realizados\/","name":"Trabajos realizados - Electricista M\u00e1laga","isPartOf":{"@id":"https:\/\/profesionales-malaga.com\/electricista\/#website"},"datePublished":"2022-04-13T14:02:56+00:00","dateModified":"2022-04-13T14:05:37+00:00","breadcrumb":{"@id":"https:\/\/profesionales-malaga.com\/electricista\/trabajos-realizados\/#breadcrumb"},"inLanguage":"es","potentialAction":[{"@type":"ReadAction","target":["https:\/\/profesionales-malaga.com\/electricista\/trabajos-realizados\/"]}]},{"@type":"BreadcrumbList","@id":"https:\/\/profesionales-malaga.com\/electricista\/trabajos-realizados\/#breadcrumb","itemListElement":[{"@type":"ListItem","position":1,"name":"Portada","item":"https:\/\/profesionales-malaga.com\/electricista\/"},{"@type":"ListItem","position":2,"name":"Trabajos realizados"}]},{"@type":"WebSite","@id":"https:\/\/profesionales-malaga.com\/electricista\/#website","url":"https:\/\/profesionales-malaga.com\/electricista\/","name":"Electricista M\u00e1laga","description":"TXC INSTALACIONES S.L.","potentialAction":[{"@type":"SearchAction","target":{"@type":"EntryPoint","urlTemplate":"https:\/\/profesionales-malaga.com\/electricista\/?s={search_term_string}"},"query-input":"required name=search_term_string"}],"inLanguage":"es"}]}},"_links":{"self":[{"href":"https:\/\/profesionales-malaga.com\/electricista\/wp-json\/wp\/v2\/pages\/439"}],"collection":[{"href":"https:\/\/profesionales-malaga.com\/electricista\/wp-json\/wp\/v2\/pages"}],"about":[{"href":"https:\/\/profesionales-malaga.com\/electricista\/wp-json\/wp\/v2\/types\/page"}],"author":[{"embeddable":true,"href":"https:\/\/profesionales-malaga.com\/electricista\/wp-json\/wp\/v2\/users\/1"}],"replies":[{"embeddable":true,"href":"https:\/\/profesionales-malaga.com\/electricista\/wp-json\/wp\/v2\/comments?post=439"}],"version-history":[{"count":2,"href":"https:\/\/profesionales-malaga.com\/electricista\/wp-json\/wp\/v2\/pages\/439\/revisions"}],"predecessor-version":[{"id":441,"href":"https:\/\/profesionales-malaga.com\/electricista\/wp-json\/wp\/v2\/pages\/439\/revisions\/441"}],"wp:attachment":[{"href":"https:\/\/profesionales-malaga.com\/electricista\/wp-json\/wp\/v2\/media?parent=439"}],"curies":[{"name":"wp","href":"https:\/\/api.w.org\/{rel}","templated":true}]}}