{"id":46,"date":"2015-12-28T11:02:14","date_gmt":"2015-12-28T11:02:14","guid":{"rendered":"http:\/\/profesionales-malaga.com\/reformas\/?page_id=46"},"modified":"2021-05-25T10:36:10","modified_gmt":"2021-05-25T10:36:10","slug":"reformas-de-banos","status":"publish","type":"page","link":"https:\/\/profesionales-malaga.com\/reformas\/reformas-de-banos\/","title":{"rendered":"Reformas de Ba\u00f1os"},"content":{"rendered":"<p><strong>Reformas M\u00e1laga<\/strong> le ofrece varias ofertas a precio cerrado para reformar su ba\u00f1o.<\/p>\n<p>Con estas tres ofertas a precios cerrados podr\u00e1 saber cu\u00e1nto le costar\u00e1 la reforma de su ba\u00f1o en caso de que se adapte alguna de nuestras opciones a sus necesidades o si no, sabr\u00e1 el precio aproximado del coste de su idea. En caso de que ninguna oferta se adapte a sus necesidades puede pedirnos presupuesto sin compromiso para reformar su ba\u00f1o. Intentaremos darle siempre el mejor precio posible.<\/p>\n<p>Nuestras ofertas para reformar el ba\u00f1o se resumen en<strong>:<\/strong> una opci\u00f3n simple para mejorar el aspecto de su ba\u00f1o o una reforma integral del mismo, en la que usted puede facilitarnos los materiales o podemos proporcion\u00e1rselos nosotros.<\/p>\n<p>&nbsp;<\/p>\n<h2><span style=\"text-decoration: underline; color: #4d0000;\">Ofertas:<\/span><\/h2>\n<h4><strong><a href=\"https:\/\/profesionales-malaga.com\/reformas\/reforma-bano-simple\/\">Reforma simple de ba\u00f1o: 1.950 \u20ac <\/a><\/strong><\/h4>\n<p>Oferta para una reforma simple de su ba\u00f1o, para mejorar la apariencia est\u00e9tica<a href=\"http:\/\/www.reformas-malaga.net\/oferta-reforma-bano-simple.html\">.<\/a> Esta oferta no incluye la reforma de la parte de fontaner\u00eda ni electricidad. Ideal para ba\u00f1os con estas instalaciones en buen estado. <a href=\"https:\/\/profesionales-malaga.com\/reformas\/reforma-bano-simple\/\">Pulse aqu\u00ed para conocer las condiciones de esta oferta para reformar un ba\u00f1o<\/a>.<\/p>\n<p>&nbsp;<\/p>\n<h4><strong><a href=\"https:\/\/profesionales-malaga.com\/reformas\/reforma-integral-bano-sin-materiales\/\">Reforma integral de ba\u00f1o sin materiales: 2.450\u20ac<\/a><\/strong><\/h4>\n<p>Se trata de una reforma completa de su ba\u00f1o pero que no incluye los materiales (soler\u00eda, azulejos, grifer\u00eda) que ser\u00e1n suministrados por el propietario de la vivienda. <a href=\"https:\/\/profesionales-malaga.com\/reformas\/reforma-integral-bano-sin-materiales\/\">Pulse aqu\u00ed para conocer las condiciones de esta oferta para reformar un ba\u00f1o.<\/a><\/p>\n<p>&nbsp;<\/p>\n<h4><strong><a href=\"https:\/\/profesionales-malaga.com\/reformas\/reforma-integral-bano-con-materiales\/\">Reforma integral de ba\u00f1o con materiales incluidos: 3.150\u20ac<\/a><\/strong><\/h4>\n<p>Oferta para una reforma integral de su ba\u00f1o. Se trata de una reforma completa de su ba\u00f1o que si incluye todos los materiales para que el cliente no tenga que preocuparse por nada. <a href=\"https:\/\/profesionales-malaga.com\/reformas\/reforma-integral-bano-con-materiales\/\">Pulse aqu\u00ed para conocer las condiciones de esta oferta para reformar un ba\u00f1o.<\/a><\/p>\n<p>&nbsp;<\/p>\n<hr \/>\n<p>&nbsp;<\/p>\n<p>Necesitas ideas para tu ba\u00f1o: <a href=\"http:\/\/fotos.habitissimo.es\/reformas-banos\" target=\"_blank\" rel=\"\u201dnofollow\u201d noopener noreferrer\">Visita este art\u00edculo<\/a><\/p>\n<p>Necesitas consejos: <a href=\"https:\/\/www.youtube.com\/watch?v=xxvNZCiK-po\" target=\"_blank\" rel=\"\u201dnofollow\u201d noopener noreferrer\">Visita este video<\/a><\/p>\n","protected":false},"excerpt":{"rendered":"<p>Reformas M\u00e1laga le ofrece varias ofertas a precio cerrado para reformar su ba\u00f1o. Con estas tres ofertas a precios cerrados podr\u00e1 saber cu\u00e1nto le costar\u00e1 la reforma de su ba\u00f1o en caso<a class=\"moretag\" href=\"https:\/\/profesionales-malaga.com\/reformas\/reformas-de-banos\/\">Leer m\u00e1s&#8230;<\/a><\/p>\n","protected":false},"author":1,"featured_media":0,"parent":0,"menu_order":0,"comment_status":"closed","ping_status":"closed","template":"","meta":[],"yoast_head":"<!-- This site is optimized with the Yoast SEO plugin v21.1 - https:\/\/yoast.com\/wordpress\/plugins\/seo\/ -->\n<title>Reformas de Ba\u00f1os - Reformas Malaga<\/title>\n<meta name=\"description\" content=\"Reformas M\u00e1laga le ofrece varias ofertas a precio cerrado para reformar su ba\u00f1o. Consulte las ofertas aqui.\" \/>\n<meta name=\"robots\" content=\"index, follow, max-snippet:-1, max-image-preview:large, max-video-preview:-1\" \/>\n<link rel=\"canonical\" href=\"https:\/\/profesionales-malaga.com\/reformas\/reformas-de-banos\/\" \/>\n<meta property=\"og:locale\" content=\"es_ES\" \/>\n<meta property=\"og:type\" content=\"article\" \/>\n<meta property=\"og:title\" content=\"Reformas de Ba\u00f1os - Reformas Malaga\" \/>\n<meta property=\"og:description\" content=\"Reformas M\u00e1laga le ofrece varias ofertas a precio cerrado para reformar su ba\u00f1o. Consulte las ofertas aqui.\" \/>\n<meta property=\"og:url\" content=\"https:\/\/profesionales-malaga.com\/reformas\/reformas-de-banos\/\" \/>\n<meta property=\"og:site_name\" content=\"Reformas Malaga\" \/>\n<meta property=\"article:modified_time\" content=\"2021-05-25T10:36:10+00:00\" \/>\n<meta name=\"twitter:card\" content=\"summary_large_image\" \/>\n<meta name=\"twitter:label1\" content=\"Tiempo de lectura\" \/>\n\t<meta name=\"twitter:data1\" content=\"2 minutos\" \/>\n<script type=\"application\/ld+json\" class=\"yoast-schema-graph\">{\"@context\":\"https:\/\/schema.org\",\"@graph\":[{\"@type\":\"WebPage\",\"@id\":\"https:\/\/profesionales-malaga.com\/reformas\/reformas-de-banos\/\",\"url\":\"https:\/\/profesionales-malaga.com\/reformas\/reformas-de-banos\/\",\"name\":\"Reformas de Ba\u00f1os - Reformas Malaga\",\"isPartOf\":{\"@id\":\"https:\/\/profesionales-malaga.com\/reformas\/#website\"},\"datePublished\":\"2015-12-28T11:02:14+00:00\",\"dateModified\":\"2021-05-25T10:36:10+00:00\",\"description\":\"Reformas M\u00e1laga le ofrece varias ofertas a precio cerrado para reformar su ba\u00f1o. Consulte las ofertas aqui.\",\"breadcrumb\":{\"@id\":\"https:\/\/profesionales-malaga.com\/reformas\/reformas-de-banos\/#breadcrumb\"},\"inLanguage\":\"es\",\"potentialAction\":[{\"@type\":\"ReadAction\",\"target\":[\"https:\/\/profesionales-malaga.com\/reformas\/reformas-de-banos\/\"]}]},{\"@type\":\"BreadcrumbList\",\"@id\":\"https:\/\/profesionales-malaga.com\/reformas\/reformas-de-banos\/#breadcrumb\",\"itemListElement\":[{\"@type\":\"ListItem\",\"position\":1,\"name\":\"Portada\",\"item\":\"https:\/\/profesionales-malaga.com\/reformas\/\"},{\"@type\":\"ListItem\",\"position\":2,\"name\":\"Reformas de Ba\u00f1os\"}]},{\"@type\":\"WebSite\",\"@id\":\"https:\/\/profesionales-malaga.com\/reformas\/#website\",\"url\":\"https:\/\/profesionales-malaga.com\/reformas\/\",\"name\":\"Reformas Malaga\",\"description\":\"Reformas integrales, de cocinas, de ba\u00f1os...\",\"potentialAction\":[{\"@type\":\"SearchAction\",\"target\":{\"@type\":\"EntryPoint\",\"urlTemplate\":\"https:\/\/profesionales-malaga.com\/reformas\/?s={search_term_string}\"},\"query-input\":\"required name=search_term_string\"}],\"inLanguage\":\"es\"}]}<\/script>\n<!-- \/ Yoast SEO plugin. -->","yoast_head_json":{"title":"Reformas de Ba\u00f1os - Reformas Malaga","description":"Reformas M\u00e1laga le ofrece varias ofertas a precio cerrado para reformar su ba\u00f1o. Consulte las ofertas aqui.","robots":{"index":"index","follow":"follow","max-snippet":"max-snippet:-1","max-image-preview":"max-image-preview:large","max-video-preview":"max-video-preview:-1"},"canonical":"https:\/\/profesionales-malaga.com\/reformas\/reformas-de-banos\/","og_locale":"es_ES","og_type":"article","og_title":"Reformas de Ba\u00f1os - Reformas Malaga","og_description":"Reformas M\u00e1laga le ofrece varias ofertas a precio cerrado para reformar su ba\u00f1o. Consulte las ofertas aqui.","og_url":"https:\/\/profesionales-malaga.com\/reformas\/reformas-de-banos\/","og_site_name":"Reformas Malaga","article_modified_time":"2021-05-25T10:36:10+00:00","twitter_card":"summary_large_image","twitter_misc":{"Tiempo de lectura":"2 minutos"},"schema":{"@context":"https:\/\/schema.org","@graph":[{"@type":"WebPage","@id":"https:\/\/profesionales-malaga.com\/reformas\/reformas-de-banos\/","url":"https:\/\/profesionales-malaga.com\/reformas\/reformas-de-banos\/","name":"Reformas de Ba\u00f1os - Reformas Malaga","isPartOf":{"@id":"https:\/\/profesionales-malaga.com\/reformas\/#website"},"datePublished":"2015-12-28T11:02:14+00:00","dateModified":"2021-05-25T10:36:10+00:00","description":"Reformas M\u00e1laga le ofrece varias ofertas a precio cerrado para reformar su ba\u00f1o. Consulte las ofertas aqui.","breadcrumb":{"@id":"https:\/\/profesionales-malaga.com\/reformas\/reformas-de-banos\/#breadcrumb"},"inLanguage":"es","potentialAction":[{"@type":"ReadAction","target":["https:\/\/profesionales-malaga.com\/reformas\/reformas-de-banos\/"]}]},{"@type":"BreadcrumbList","@id":"https:\/\/profesionales-malaga.com\/reformas\/reformas-de-banos\/#breadcrumb","itemListElement":[{"@type":"ListItem","position":1,"name":"Portada","item":"https:\/\/profesionales-malaga.com\/reformas\/"},{"@type":"ListItem","position":2,"name":"Reformas de Ba\u00f1os"}]},{"@type":"WebSite","@id":"https:\/\/profesionales-malaga.com\/reformas\/#website","url":"https:\/\/profesionales-malaga.com\/reformas\/","name":"Reformas Malaga","description":"Reformas integrales, de cocinas, de ba\u00f1os...","potentialAction":[{"@type":"SearchAction","target":{"@type":"EntryPoint","urlTemplate":"https:\/\/profesionales-malaga.com\/reformas\/?s={search_term_string}"},"query-input":"required name=search_term_string"}],"inLanguage":"es"}]}},"_links":{"self":[{"href":"https:\/\/profesionales-malaga.com\/reformas\/wp-json\/wp\/v2\/pages\/46"}],"collection":[{"href":"https:\/\/profesionales-malaga.com\/reformas\/wp-json\/wp\/v2\/pages"}],"about":[{"href":"https:\/\/profesionales-malaga.com\/reformas\/wp-json\/wp\/v2\/types\/page"}],"author":[{"embeddable":true,"href":"https:\/\/profesionales-malaga.com\/reformas\/wp-json\/wp\/v2\/users\/1"}],"replies":[{"embeddable":true,"href":"https:\/\/profesionales-malaga.com\/reformas\/wp-json\/wp\/v2\/comments?post=46"}],"version-history":[{"count":12,"href":"https:\/\/profesionales-malaga.com\/reformas\/wp-json\/wp\/v2\/pages\/46\/revisions"}],"predecessor-version":[{"id":679,"href":"https:\/\/profesionales-malaga.com\/reformas\/wp-json\/wp\/v2\/pages\/46\/revisions\/679"}],"wp:attachment":[{"href":"https:\/\/profesionales-malaga.com\/reformas\/wp-json\/wp\/v2\/media?parent=46"}],"curies":[{"name":"wp","href":"https:\/\/api.w.org\/{rel}","templated":true}]}}