{"id":50,"date":"2015-12-28T11:03:47","date_gmt":"2015-12-28T11:03:47","guid":{"rendered":"http:\/\/profesionales-malaga.com\/reformas\/?page_id=50"},"modified":"2021-05-25T10:34:39","modified_gmt":"2021-05-25T10:34:39","slug":"cambiar-banera-por-ducha","status":"publish","type":"page","link":"https:\/\/profesionales-malaga.com\/reformas\/cambiar-banera-por-ducha\/","title":{"rendered":"Cambiar Ba\u00f1era por Ducha"},"content":{"rendered":"<p>Realizamos cambios de ba\u00f1era por plato de ducha a precio cerrado<\/p>\n<h3><span style=\"color: #4d0000;\">Oferta: Cambiar ba\u00f1era por ducha: 950\u20ac<\/span><\/h3>\n<p>\u00bfQue incluye?:<\/p>\n<p><span style=\"color: #4d0000;\"><strong><u>Retirada de ba\u00f1era:<\/u><\/strong> <\/span>Desmontaje\u00a0de ba\u00f1era antigua y retirada de escombros con traslado al vertedero.<\/p>\n<p><span style=\"color: #4d0000;\"><strong><u>Instalaci\u00f3n de ducha:<\/u><\/strong><\/span> Colocaci\u00f3n\u00a0de\u00a0<strong>plato de ducha<\/strong>\u00a0de la marca:\u00a0<strong>ROCA,<\/strong>\u00a0modelo: Malta, color: blanco. Las medidas a elegir son: \u00a080 x 80 cm \/ 90 x 70 cm.<\/p>\n<p><span style=\"color: #4d0000;\"><strong><u>Revestimiento:<\/u><\/strong><\/span> Colocaci\u00f3n de\u00a0alicatado y\u00a0pavimento necesario para la modificaci\u00f3n.<\/p>\n<p><span style=\"color: #4d0000;\"><strong><u>Fontaner\u00eda:<\/u><\/strong><\/span> Instalaci\u00f3n de\u00a0v\u00e1lvula de desag\u00fce.<\/p>\n<p><strong><span style=\"color: #4d0000;\">Precio: 950 \u20ac<\/span><\/strong><\/p>\n<p>&nbsp;<\/p>\n<p>Una vez terminado, la instalaci\u00f3n tendr\u00eda un aspecto similar a este, donde se puede apreciar que en el hueco que antes ocupaba la ba\u00f1era, ahora hay revestimiento de azulejos.<\/p>\n<p><img decoding=\"async\" loading=\"lazy\" class=\"aligncenter wp-image-117 size-full\" title=\"Cambio de ba\u00f1era por plato de ducha\" src=\"https:\/\/profesionales-malaga.com\/reformas\/wp-content\/uploads\/2015\/12\/cambiar-banera-por-ducha.jpg\" alt=\"cambiar-banera-por-ducha\" width=\"400\" height=\"535\" srcset=\"https:\/\/profesionales-malaga.com\/reformas\/wp-content\/uploads\/2015\/12\/cambiar-banera-por-ducha.jpg 400w, https:\/\/profesionales-malaga.com\/reformas\/wp-content\/uploads\/2015\/12\/cambiar-banera-por-ducha-224x300.jpg 224w\" sizes=\"(max-width: 400px) 100vw, 400px\" \/><\/p>\n","protected":false},"excerpt":{"rendered":"<p>Realizamos cambios de ba\u00f1era por plato de ducha a precio cerrado Oferta: Cambiar ba\u00f1era por ducha: 950\u20ac \u00bfQue incluye?: Retirada de ba\u00f1era: Desmontaje\u00a0de ba\u00f1era antigua y retirada de escombros con traslado al<a class=\"moretag\" href=\"https:\/\/profesionales-malaga.com\/reformas\/cambiar-banera-por-ducha\/\">Leer m\u00e1s&#8230;<\/a><\/p>\n","protected":false},"author":1,"featured_media":0,"parent":0,"menu_order":0,"comment_status":"closed","ping_status":"closed","template":"","meta":[],"yoast_head":"<!-- This site is optimized with the Yoast SEO plugin v21.1 - https:\/\/yoast.com\/wordpress\/plugins\/seo\/ -->\n<title>Cambiar Ba\u00f1era por Ducha - Reformas Malaga<\/title>\n<meta name=\"description\" content=\"Oferta: Cambiar ba\u00f1era por ducha por 950\u20ac. R\u00e1pido, barato y a precio cerrado. Mano obra (alba\u00f1iler\u00eda y fontaner\u00eda) y materiales incluidos\" \/>\n<meta name=\"robots\" content=\"index, follow, max-snippet:-1, max-image-preview:large, max-video-preview:-1\" \/>\n<link rel=\"canonical\" href=\"https:\/\/profesionales-malaga.com\/reformas\/cambiar-banera-por-ducha\/\" \/>\n<meta property=\"og:locale\" content=\"es_ES\" \/>\n<meta property=\"og:type\" content=\"article\" \/>\n<meta property=\"og:title\" content=\"Cambiar Ba\u00f1era por Ducha - Reformas Malaga\" \/>\n<meta property=\"og:description\" content=\"Oferta: Cambiar ba\u00f1era por ducha por 950\u20ac. R\u00e1pido, barato y a precio cerrado. Mano obra (alba\u00f1iler\u00eda y fontaner\u00eda) y materiales incluidos\" \/>\n<meta property=\"og:url\" content=\"https:\/\/profesionales-malaga.com\/reformas\/cambiar-banera-por-ducha\/\" \/>\n<meta property=\"og:site_name\" content=\"Reformas Malaga\" \/>\n<meta property=\"article:modified_time\" content=\"2021-05-25T10:34:39+00:00\" \/>\n<meta property=\"og:image\" content=\"https:\/\/profesionales-malaga.com\/reformas\/wp-content\/uploads\/2015\/12\/cambiar-banera-por-ducha.jpg\" \/>\n<meta name=\"twitter:card\" content=\"summary_large_image\" \/>\n<meta name=\"twitter:label1\" content=\"Tiempo de lectura\" \/>\n\t<meta name=\"twitter:data1\" content=\"1 minuto\" \/>\n<script type=\"application\/ld+json\" class=\"yoast-schema-graph\">{\"@context\":\"https:\/\/schema.org\",\"@graph\":[{\"@type\":\"WebPage\",\"@id\":\"https:\/\/profesionales-malaga.com\/reformas\/cambiar-banera-por-ducha\/\",\"url\":\"https:\/\/profesionales-malaga.com\/reformas\/cambiar-banera-por-ducha\/\",\"name\":\"Cambiar Ba\u00f1era por Ducha - Reformas Malaga\",\"isPartOf\":{\"@id\":\"https:\/\/profesionales-malaga.com\/reformas\/#website\"},\"datePublished\":\"2015-12-28T11:03:47+00:00\",\"dateModified\":\"2021-05-25T10:34:39+00:00\",\"description\":\"Oferta: Cambiar ba\u00f1era por ducha por 950\u20ac. R\u00e1pido, barato y a precio cerrado. Mano obra (alba\u00f1iler\u00eda y fontaner\u00eda) y materiales incluidos\",\"breadcrumb\":{\"@id\":\"https:\/\/profesionales-malaga.com\/reformas\/cambiar-banera-por-ducha\/#breadcrumb\"},\"inLanguage\":\"es\",\"potentialAction\":[{\"@type\":\"ReadAction\",\"target\":[\"https:\/\/profesionales-malaga.com\/reformas\/cambiar-banera-por-ducha\/\"]}]},{\"@type\":\"BreadcrumbList\",\"@id\":\"https:\/\/profesionales-malaga.com\/reformas\/cambiar-banera-por-ducha\/#breadcrumb\",\"itemListElement\":[{\"@type\":\"ListItem\",\"position\":1,\"name\":\"Portada\",\"item\":\"https:\/\/profesionales-malaga.com\/reformas\/\"},{\"@type\":\"ListItem\",\"position\":2,\"name\":\"Cambiar Ba\u00f1era por Ducha\"}]},{\"@type\":\"WebSite\",\"@id\":\"https:\/\/profesionales-malaga.com\/reformas\/#website\",\"url\":\"https:\/\/profesionales-malaga.com\/reformas\/\",\"name\":\"Reformas Malaga\",\"description\":\"Reformas integrales, de cocinas, de ba\u00f1os...\",\"potentialAction\":[{\"@type\":\"SearchAction\",\"target\":{\"@type\":\"EntryPoint\",\"urlTemplate\":\"https:\/\/profesionales-malaga.com\/reformas\/?s={search_term_string}\"},\"query-input\":\"required name=search_term_string\"}],\"inLanguage\":\"es\"}]}<\/script>\n<!-- \/ Yoast SEO plugin. -->","yoast_head_json":{"title":"Cambiar Ba\u00f1era por Ducha - Reformas Malaga","description":"Oferta: Cambiar ba\u00f1era por ducha por 950\u20ac. R\u00e1pido, barato y a precio cerrado. Mano obra (alba\u00f1iler\u00eda y fontaner\u00eda) y materiales incluidos","robots":{"index":"index","follow":"follow","max-snippet":"max-snippet:-1","max-image-preview":"max-image-preview:large","max-video-preview":"max-video-preview:-1"},"canonical":"https:\/\/profesionales-malaga.com\/reformas\/cambiar-banera-por-ducha\/","og_locale":"es_ES","og_type":"article","og_title":"Cambiar Ba\u00f1era por Ducha - Reformas Malaga","og_description":"Oferta: Cambiar ba\u00f1era por ducha por 950\u20ac. R\u00e1pido, barato y a precio cerrado. Mano obra (alba\u00f1iler\u00eda y fontaner\u00eda) y materiales incluidos","og_url":"https:\/\/profesionales-malaga.com\/reformas\/cambiar-banera-por-ducha\/","og_site_name":"Reformas Malaga","article_modified_time":"2021-05-25T10:34:39+00:00","og_image":[{"url":"https:\/\/profesionales-malaga.com\/reformas\/wp-content\/uploads\/2015\/12\/cambiar-banera-por-ducha.jpg"}],"twitter_card":"summary_large_image","twitter_misc":{"Tiempo de lectura":"1 minuto"},"schema":{"@context":"https:\/\/schema.org","@graph":[{"@type":"WebPage","@id":"https:\/\/profesionales-malaga.com\/reformas\/cambiar-banera-por-ducha\/","url":"https:\/\/profesionales-malaga.com\/reformas\/cambiar-banera-por-ducha\/","name":"Cambiar Ba\u00f1era por Ducha - Reformas Malaga","isPartOf":{"@id":"https:\/\/profesionales-malaga.com\/reformas\/#website"},"datePublished":"2015-12-28T11:03:47+00:00","dateModified":"2021-05-25T10:34:39+00:00","description":"Oferta: Cambiar ba\u00f1era por ducha por 950\u20ac. R\u00e1pido, barato y a precio cerrado. Mano obra (alba\u00f1iler\u00eda y fontaner\u00eda) y materiales incluidos","breadcrumb":{"@id":"https:\/\/profesionales-malaga.com\/reformas\/cambiar-banera-por-ducha\/#breadcrumb"},"inLanguage":"es","potentialAction":[{"@type":"ReadAction","target":["https:\/\/profesionales-malaga.com\/reformas\/cambiar-banera-por-ducha\/"]}]},{"@type":"BreadcrumbList","@id":"https:\/\/profesionales-malaga.com\/reformas\/cambiar-banera-por-ducha\/#breadcrumb","itemListElement":[{"@type":"ListItem","position":1,"name":"Portada","item":"https:\/\/profesionales-malaga.com\/reformas\/"},{"@type":"ListItem","position":2,"name":"Cambiar Ba\u00f1era por Ducha"}]},{"@type":"WebSite","@id":"https:\/\/profesionales-malaga.com\/reformas\/#website","url":"https:\/\/profesionales-malaga.com\/reformas\/","name":"Reformas Malaga","description":"Reformas integrales, de cocinas, de ba\u00f1os...","potentialAction":[{"@type":"SearchAction","target":{"@type":"EntryPoint","urlTemplate":"https:\/\/profesionales-malaga.com\/reformas\/?s={search_term_string}"},"query-input":"required name=search_term_string"}],"inLanguage":"es"}]}},"_links":{"self":[{"href":"https:\/\/profesionales-malaga.com\/reformas\/wp-json\/wp\/v2\/pages\/50"}],"collection":[{"href":"https:\/\/profesionales-malaga.com\/reformas\/wp-json\/wp\/v2\/pages"}],"about":[{"href":"https:\/\/profesionales-malaga.com\/reformas\/wp-json\/wp\/v2\/types\/page"}],"author":[{"embeddable":true,"href":"https:\/\/profesionales-malaga.com\/reformas\/wp-json\/wp\/v2\/users\/1"}],"replies":[{"embeddable":true,"href":"https:\/\/profesionales-malaga.com\/reformas\/wp-json\/wp\/v2\/comments?post=50"}],"version-history":[{"count":8,"href":"https:\/\/profesionales-malaga.com\/reformas\/wp-json\/wp\/v2\/pages\/50\/revisions"}],"predecessor-version":[{"id":677,"href":"https:\/\/profesionales-malaga.com\/reformas\/wp-json\/wp\/v2\/pages\/50\/revisions\/677"}],"wp:attachment":[{"href":"https:\/\/profesionales-malaga.com\/reformas\/wp-json\/wp\/v2\/media?parent=50"}],"curies":[{"name":"wp","href":"https:\/\/api.w.org\/{rel}","templated":true}]}}